{"id":1048,"date":"2026-04-08T23:22:02","date_gmt":"2026-04-09T02:22:02","guid":{"rendered":"https:\/\/ifycreation.com\/?page_id=1048"},"modified":"2026-04-08T23:22:28","modified_gmt":"2026-04-09T02:22:28","slug":"naif-cafe","status":"publish","type":"page","link":"https:\/\/ifycreation.com\/index.php\/naif-cafe\/","title":{"rendered":"Naif Caf\u00e9"},"content":{"rendered":"<p>[et_pb_section fb_built=&#8221;1&#8243; _builder_version=&#8221;4.27.4&#8243; _module_preset=&#8221;default&#8221; background_color=&#8221;#141414&#8243; custom_margin=&#8221;||||false|false&#8221; custom_padding=&#8221;70px||0px||false|false&#8221; locked=&#8221;off&#8221; global_colors_info=&#8221;{}&#8221; theme_builder_area=&#8221;post_content&#8221;][et_pb_row column_structure=&#8221;1_2,1_2&#8243; _builder_version=&#8221;4.27.4&#8243; _module_preset=&#8221;default&#8221; global_colors_info=&#8221;{}&#8221; theme_builder_area=&#8221;post_content&#8221;][et_pb_column type=&#8221;1_2&#8243; _builder_version=&#8221;4.27.4&#8243; _module_preset=&#8221;default&#8221; global_colors_info=&#8221;{}&#8221; theme_builder_area=&#8221;post_content&#8221;][et_pb_image src=&#8221;https:\/\/ifycreation.com\/wp-content\/uploads\/2026\/04\/ify-creation-marcia-raposo-daniel-zito-branding-naif-cafe-0000.svg&#8221; title_text=&#8221;ify-creation-marcia-raposo-daniel-zito-branding-naif-cafe-0000&#8243; _builder_version=&#8221;4.27.4&#8243; _module_preset=&#8221;default&#8221; width=&#8221;352px&#8221; width_tablet=&#8221;57%&#8221; width_phone=&#8221;66%&#8221; width_last_edited=&#8221;on|tablet&#8221; custom_margin=&#8221;110px||||false|false&#8221; custom_margin_tablet=&#8221;106px||||false|false&#8221; custom_margin_phone=&#8221;47px||||false|false&#8221; custom_margin_last_edited=&#8221;on|phone&#8221; custom_padding=&#8221;||||false|false&#8221; custom_padding_tablet=&#8221;||||false|false&#8221; custom_padding_phone=&#8221;||||false|false&#8221; custom_padding_last_edited=&#8221;on|desktop&#8221; scroll_scaling_enable=&#8221;on&#8221; scroll_scaling=&#8221;0|50|50|100|96%|100|120%&#8221; hover_enabled=&#8221;0&#8243; global_colors_info=&#8221;{}&#8221; theme_builder_area=&#8221;post_content&#8221; sticky_enabled=&#8221;0&#8243;][\/et_pb_image][et_pb_image src=&#8221;https:\/\/ifycreation.com\/wp-content\/uploads\/2024\/04\/1718e84777b9a3b054b259ba5d2a3183.gif&#8221; title_text=&#8221;1718e84777b9a3b054b259ba5d2a3183&#8243; disabled_on=&#8221;on|on|off&#8221; _builder_version=&#8221;4.27.4&#8243; _module_preset=&#8221;default&#8221; z_index=&#8221;-500&#8243; width=&#8221;150px&#8221; width_tablet=&#8221;180px&#8221; width_phone=&#8221;150px&#8221; width_last_edited=&#8221;on|tablet&#8221; module_alignment=&#8221;right&#8221; custom_margin=&#8221;160px||||false|false&#8221; custom_margin_tablet=&#8221;130px||||false|false&#8221; custom_margin_phone=&#8221;130px||||false|false&#8221; custom_margin_last_edited=&#8221;on|tablet&#8221; filter_invert=&#8221;92%&#8221; module_alignment_tablet=&#8221;center&#8221; module_alignment_phone=&#8221;center&#8221; module_alignment_last_edited=&#8221;on|tablet&#8221; locked=&#8221;off&#8221; global_colors_info=&#8221;{}&#8221; theme_builder_area=&#8221;post_content&#8221;][\/et_pb_image][et_pb_image src=&#8221;https:\/\/ifycreation.com\/wp-content\/uploads\/2024\/04\/ify2-1.png&#8221; title_text=&#8221;ify2&#8243; _builder_version=&#8221;4.27.4&#8243; _module_preset=&#8221;default&#8221; positioning=&#8221;fixed&#8221; position_origin_a=&#8221;center_left&#8221; z_index=&#8221;-147&#8243; position_origin_a_tablet=&#8221;center_left&#8221; position_origin_a_phone=&#8221;center_right&#8221; position_origin_a_last_edited=&#8221;on|phone&#8221; position_origin_f_tablet=&#8221;&#8221; position_origin_f_phone=&#8221;&#8221; position_origin_f_last_edited=&#8221;on|phone&#8221; position_origin_r_tablet=&#8221;&#8221; position_origin_r_phone=&#8221;&#8221; position_origin_r_last_edited=&#8221;on|phone&#8221; width=&#8221;100%&#8221; width_tablet=&#8221;100%&#8221; width_phone=&#8221;100%&#8221; width_last_edited=&#8221;on|phone&#8221; custom_margin=&#8221;||||false|false&#8221; filter_saturate=&#8221;136%&#8221; scroll_vertical_motion_enable=&#8221;on&#8221; scroll_vertical_motion=&#8221;0|50|50|100|4|0|-5.5&#8243; scroll_scaling_enable=&#8221;on&#8221; scroll_scaling=&#8221;0|50|50|100|100%|89%|38%&#8221; positioning_tablet=&#8221;absolute&#8221; positioning_phone=&#8221;absolute&#8221; positioning_last_edited=&#8221;on|phone&#8221; scroll_vertical_motion_tablet=&#8221;0|50|50|100|4|0|-5.5&#8243; scroll_vertical_motion_phone=&#8221;0|50|50|100|-4|0|6.5&#8243; scroll_vertical_motion_last_edited=&#8221;on|phone&#8221; global_colors_info=&#8221;{}&#8221; theme_builder_area=&#8221;post_content&#8221;][\/et_pb_image][\/et_pb_column][et_pb_column type=&#8221;1_2&#8243; _builder_version=&#8221;4.27.4&#8243; _module_preset=&#8221;default&#8221; global_colors_info=&#8221;{}&#8221; theme_builder_area=&#8221;post_content&#8221;][et_pb_text _builder_version=&#8221;4.27.4&#8243; _module_preset=&#8221;default&#8221; text_font=&#8221;Helvetica Neue Thin||||||||&#8221; text_text_color=&#8221;#FFFFFF&#8221; text_font_size=&#8221;16px&#8221; text_line_height=&#8221;1.3em&#8221; header_2_font=&#8221;Asgard-FitLight||||||||&#8221; header_2_text_align=&#8221;center&#8221; header_2_text_color=&#8221;#e2e2e2&#8243; header_2_font_size=&#8221;49px&#8221; header_3_font=&#8221;Helvetica Neue Light||||||||&#8221; header_3_text_color=&#8221;#e8e8e8&#8243; header_3_font_size=&#8221;15px&#8221; header_3_line_height=&#8221;1.3em&#8221; width=&#8221;100%&#8221; width_tablet=&#8221;90%&#8221; width_phone=&#8221;91%&#8221; width_last_edited=&#8221;on|phone&#8221; custom_margin=&#8221;230px||50px||false|false&#8221; custom_margin_tablet=&#8221;||||false|false&#8221; custom_margin_phone=&#8221;0px||||false|false&#8221; custom_margin_last_edited=&#8221;on|tablet&#8221; custom_padding=&#8221;||||false|false&#8221; custom_padding_tablet=&#8221;|||123px|false|false&#8221; custom_padding_phone=&#8221;|||34px|false|false&#8221; custom_padding_last_edited=&#8221;on|phone&#8221; animation_style=&#8221;fade&#8221; animation_duration=&#8221;1250ms&#8221; scroll_horizontal_motion=&#8221;0|50|50|100|-10|0|2&#8243; hover_enabled=&#8221;0&#8243; text_font_size_tablet=&#8221;16px&#8221; text_font_size_phone=&#8221;15px&#8221; text_font_size_last_edited=&#8221;on|phone&#8221; text_line_height_tablet=&#8221;1.3em&#8221; text_line_height_phone=&#8221;1.2em&#8221; text_line_height_last_edited=&#8221;on|phone&#8221; header_3_font_size_tablet=&#8221;16px&#8221; header_3_font_size_phone=&#8221;14px&#8221; header_3_font_size_last_edited=&#8221;on|phone&#8221; header_3_line_height_tablet=&#8221;1.3em&#8221; header_3_line_height_phone=&#8221;1.3em&#8221; header_3_line_height_last_edited=&#8221;on|phone&#8221; global_colors_info=&#8221;{}&#8221; theme_builder_area=&#8221;post_content&#8221; sticky_enabled=&#8221;0&#8243;]<\/p>\n<h3><span style=\"font-weight: 400;\">O Naif Caf\u00e9 nasce como um espa\u00e7o de caf\u00e9 artesanal, com produ\u00e7\u00e3o pr\u00f3pria e proposta de consumo que integra experi\u00eancia no local e produtos para levar. O nome, definido pelos fundadores, j\u00e1 carregava a ess\u00eancia da marca. O desafio era traduzir essa identidade em uma linguagem visual coerente e com personalidade.<\/span><\/h3>\n<h3><span style=\"font-weight: 400;\"><\/span><\/h3>\n<h3><span style=\"font-weight: 400;\">Desenvolvemos a identidade visual e o sistema de marca, incluindo logotipo, diretrizes visuais e todo o enxoval de aplica\u00e7\u00f5es, que abrangeu desde as embalagens do caf\u00e9 para consumo externo at\u00e9 os elementos de uso no espa\u00e7o, como lou\u00e7as, uniformes e demais pontos de contato da marca. A constru\u00e7\u00e3o visual foi orientada por refer\u00eancias do design escandinavo, trazendo simplicidade, funcionalidade e equil\u00edbrio como base da linguagem.<\/span><\/h3>\n<h3><span style=\"font-weight: 400;\"><\/span><\/h3>\n<h3><span style=\"font-weight: 400;\">A constru\u00e7\u00e3o visual buscou equilibrar simplicidade e presen\u00e7a, refletindo o car\u00e1ter artesanal do produto com uma est\u00e9tica limpa, direta e reconhec\u00edvel.<\/span><\/h3>\n<h3><span style=\"font-weight: 400;\"><\/span><\/h3>\n<h3><span style=\"font-weight: 400;\">O projeto foi desenvolvido em parceria com a arquiteta Camila Paulon, em um processo colaborativo que integrou identidade e espa\u00e7o, incluindo o envelopamento da loja e a constru\u00e7\u00e3o conjunta da experi\u00eancia da marca no ambiente.<\/span><\/h3>\n<h3><span style=\"font-weight: 400;\"><\/span><\/h3>\n<h3><span style=\"font-weight: 400;\">Mais do que criar uma identidade, estruturamos uma presen\u00e7a visual coesa, onde marca e espa\u00e7o operam de forma integrada.<\/span><\/h3>\n<p>[\/et_pb_text][\/et_pb_column][\/et_pb_row][\/et_pb_section][et_pb_section fb_built=&#8221;1&#8243; _builder_version=&#8221;4.27.4&#8243; _module_preset=&#8221;default&#8221; background_color=&#8221;#141414&#8243; z_index=&#8221;-500&#8243; custom_margin=&#8221;-20px||||false|false&#8221; custom_padding=&#8221;0px||0px||false|false&#8221; locked=&#8221;off&#8221; global_colors_info=&#8221;{}&#8221; theme_builder_area=&#8221;post_content&#8221;][et_pb_row _builder_version=&#8221;4.27.4&#8243; _module_preset=&#8221;default&#8221; width=&#8221;100%&#8221; max_width=&#8221;100%&#8221; global_colors_info=&#8221;{}&#8221; theme_builder_area=&#8221;post_content&#8221;][et_pb_column type=&#8221;4_4&#8243; _builder_version=&#8221;4.27.4&#8243; _module_preset=&#8221;default&#8221; global_colors_info=&#8221;{}&#8221; theme_builder_area=&#8221;post_content&#8221;][et_pb_image src=&#8221;https:\/\/ifycreation.com\/wp-content\/uploads\/2026\/04\/ify-creation-marcia-raposo-daniel-zito-branding-naif-cafe-00001.webp&#8221; title_text=&#8221;ify-creation-marcia-raposo-daniel-zito-branding-naif-cafe-00001&#8243; force_fullwidth=&#8221;on&#8221; _builder_version=&#8221;4.27.4&#8243; _module_preset=&#8221;default&#8221; z_index=&#8221;-500&#8243; custom_margin=&#8221;0px||0px||false|false&#8221; custom_padding=&#8221;0px||0px||false|false&#8221; hover_enabled=&#8221;0&#8243; global_colors_info=&#8221;{}&#8221; theme_builder_area=&#8221;post_content&#8221; sticky_enabled=&#8221;0&#8243;][\/et_pb_image][et_pb_image src=&#8221;https:\/\/ifycreation.com\/wp-content\/uploads\/2026\/04\/ify-creation-marcia-raposo-daniel-zito-branding-naif-cafe-00002.webp&#8221; title_text=&#8221;ify-creation-marcia-raposo-daniel-zito-branding-naif-cafe-00002&#8243; force_fullwidth=&#8221;on&#8221; admin_label=&#8221;Image&#8221; _builder_version=&#8221;4.27.4&#8243; _module_preset=&#8221;default&#8221; custom_margin=&#8221;0px||0px||false|false&#8221; custom_padding=&#8221;0px||0px||false|false&#8221; global_colors_info=&#8221;{}&#8221; theme_builder_area=&#8221;post_content&#8221;][\/et_pb_image][et_pb_image src=&#8221;https:\/\/ifycreation.com\/wp-content\/uploads\/2026\/04\/ify-creation-marcia-raposo-daniel-zito-branding-naif-cafe-00003.webp&#8221; title_text=&#8221;ify-creation-marcia-raposo-daniel-zito-branding-naif-cafe-00003&#8243; force_fullwidth=&#8221;on&#8221; admin_label=&#8221;Image&#8221; _builder_version=&#8221;4.27.4&#8243; _module_preset=&#8221;default&#8221; custom_margin=&#8221;0px||0px||false|false&#8221; custom_padding=&#8221;0px||0px||false|false&#8221; global_colors_info=&#8221;{}&#8221; theme_builder_area=&#8221;post_content&#8221;][\/et_pb_image][et_pb_image src=&#8221;https:\/\/ifycreation.com\/wp-content\/uploads\/2026\/04\/ify-creation-marcia-raposo-daniel-zito-branding-naif-cafe-00004.webp&#8221; title_text=&#8221;ify-creation-marcia-raposo-daniel-zito-branding-naif-cafe-00004&#8243; force_fullwidth=&#8221;on&#8221; admin_label=&#8221;Image&#8221; _builder_version=&#8221;4.27.4&#8243; _module_preset=&#8221;default&#8221; custom_margin=&#8221;0px||0px||false|false&#8221; custom_padding=&#8221;0px||0px||false|false&#8221; global_colors_info=&#8221;{}&#8221; theme_builder_area=&#8221;post_content&#8221;][\/et_pb_image][et_pb_image src=&#8221;https:\/\/ifycreation.com\/wp-content\/uploads\/2026\/04\/ify-creation-marcia-raposo-daniel-zito-branding-naif-cafe-00005-scaled.jpg&#8221; title_text=&#8221;ify-creation-marcia-raposo-daniel-zito-branding-naif-cafe-00005&#8243; force_fullwidth=&#8221;on&#8221; _builder_version=&#8221;4.27.4&#8243; _module_preset=&#8221;default&#8221; custom_margin=&#8221;0px||0px||false|false&#8221; custom_padding=&#8221;0px||0px||false|false&#8221; global_colors_info=&#8221;{}&#8221; theme_builder_area=&#8221;post_content&#8221;][\/et_pb_image][et_pb_image src=&#8221;https:\/\/ifycreation.com\/wp-content\/uploads\/2026\/04\/ify-creation-marcia-raposo-daniel-zito-branding-naif-cafe-00006-scaled.jpg&#8221; title_text=&#8221;ify-creation-marcia-raposo-daniel-zito-branding-naif-cafe-00006&#8243; force_fullwidth=&#8221;on&#8221; _builder_version=&#8221;4.27.4&#8243; _module_preset=&#8221;default&#8221; custom_margin=&#8221;0px||0px||false|false&#8221; custom_padding=&#8221;0px||0px||false|false&#8221; global_colors_info=&#8221;{}&#8221; theme_builder_area=&#8221;post_content&#8221;][\/et_pb_image][\/et_pb_column][\/et_pb_row][\/et_pb_section]<\/p>\n","protected":false},"excerpt":{"rendered":"<p>O Naif Caf\u00e9 nasce como um espa\u00e7o de caf\u00e9 artesanal, com produ\u00e7\u00e3o pr\u00f3pria e proposta de consumo que integra experi\u00eancia no local e produtos para levar. O nome, definido pelos fundadores, j\u00e1 carregava a ess\u00eancia da marca. O desafio era traduzir essa identidade em uma linguagem visual coerente e com personalidade. Desenvolvemos a identidade visual [&hellip;]<\/p>\n","protected":false},"author":1,"featured_media":0,"parent":0,"menu_order":0,"comment_status":"closed","ping_status":"closed","template":"","meta":{"_et_pb_use_builder":"on","_et_pb_old_content":"","_et_gb_content_width":"","footnotes":""},"class_list":["post-1048","page","type-page","status-publish","hentry"],"_links":{"self":[{"href":"https:\/\/ifycreation.com\/index.php\/wp-json\/wp\/v2\/pages\/1048","targetHints":{"allow":["GET"]}}],"collection":[{"href":"https:\/\/ifycreation.com\/index.php\/wp-json\/wp\/v2\/pages"}],"about":[{"href":"https:\/\/ifycreation.com\/index.php\/wp-json\/wp\/v2\/types\/page"}],"author":[{"embeddable":true,"href":"https:\/\/ifycreation.com\/index.php\/wp-json\/wp\/v2\/users\/1"}],"replies":[{"embeddable":true,"href":"https:\/\/ifycreation.com\/index.php\/wp-json\/wp\/v2\/comments?post=1048"}],"version-history":[{"count":2,"href":"https:\/\/ifycreation.com\/index.php\/wp-json\/wp\/v2\/pages\/1048\/revisions"}],"predecessor-version":[{"id":1059,"href":"https:\/\/ifycreation.com\/index.php\/wp-json\/wp\/v2\/pages\/1048\/revisions\/1059"}],"wp:attachment":[{"href":"https:\/\/ifycreation.com\/index.php\/wp-json\/wp\/v2\/media?parent=1048"}],"curies":[{"name":"wp","href":"https:\/\/api.w.org\/{rel}","templated":true}]}}