{"id":1060,"date":"2026-04-08T23:26:10","date_gmt":"2026-04-09T02:26:10","guid":{"rendered":"https:\/\/ifycreation.com\/?page_id=1060"},"modified":"2026-04-08T23:26:16","modified_gmt":"2026-04-09T02:26:16","slug":"mini-closet","status":"publish","type":"page","link":"https:\/\/ifycreation.com\/index.php\/mini-closet\/","title":{"rendered":"Mini Closet"},"content":{"rendered":"<p>[et_pb_section fb_built=&#8221;1&#8243; _builder_version=&#8221;4.27.4&#8243; _module_preset=&#8221;default&#8221; background_color=&#8221;#141414&#8243; custom_margin=&#8221;||||false|false&#8221; custom_padding=&#8221;70px||0px||false|false&#8221; hover_enabled=&#8221;0&#8243; locked=&#8221;off&#8221; global_colors_info=&#8221;{}&#8221; theme_builder_area=&#8221;post_content&#8221; sticky_enabled=&#8221;0&#8243;][et_pb_row column_structure=&#8221;1_2,1_2&#8243; _builder_version=&#8221;4.27.4&#8243; _module_preset=&#8221;default&#8221; global_colors_info=&#8221;{}&#8221; theme_builder_area=&#8221;post_content&#8221;][et_pb_column type=&#8221;1_2&#8243; _builder_version=&#8221;4.27.4&#8243; _module_preset=&#8221;default&#8221; global_colors_info=&#8221;{}&#8221; theme_builder_area=&#8221;post_content&#8221;][et_pb_image src=&#8221;https:\/\/ifycreation.com\/wp-content\/uploads\/2026\/04\/ify-creation-marcia-raposo-daniel-zito-branding-mini-closet-000.svg&#8221; title_text=&#8221;ify-creation-marcia-raposo-daniel-zito-branding-mini-closet-000&#8243; _builder_version=&#8221;4.27.4&#8243; _module_preset=&#8221;default&#8221; width=&#8221;352px&#8221; width_tablet=&#8221;57%&#8221; width_phone=&#8221;66%&#8221; width_last_edited=&#8221;on|tablet&#8221; custom_margin=&#8221;110px||||false|false&#8221; custom_margin_tablet=&#8221;106px||||false|false&#8221; custom_margin_phone=&#8221;47px||||false|false&#8221; custom_margin_last_edited=&#8221;on|phone&#8221; custom_padding=&#8221;||||false|false&#8221; custom_padding_tablet=&#8221;||||false|false&#8221; custom_padding_phone=&#8221;||||false|false&#8221; custom_padding_last_edited=&#8221;on|desktop&#8221; scroll_scaling_enable=&#8221;on&#8221; scroll_scaling=&#8221;0|50|50|100|96%|100|120%&#8221; hover_enabled=&#8221;0&#8243; global_colors_info=&#8221;{}&#8221; theme_builder_area=&#8221;post_content&#8221; sticky_enabled=&#8221;0&#8243;][\/et_pb_image][et_pb_image src=&#8221;https:\/\/ifycreation.com\/wp-content\/uploads\/2024\/04\/1718e84777b9a3b054b259ba5d2a3183.gif&#8221; title_text=&#8221;1718e84777b9a3b054b259ba5d2a3183&#8243; disabled_on=&#8221;on|on|off&#8221; _builder_version=&#8221;4.27.4&#8243; _module_preset=&#8221;default&#8221; z_index=&#8221;-500&#8243; width=&#8221;150px&#8221; width_tablet=&#8221;180px&#8221; width_phone=&#8221;150px&#8221; width_last_edited=&#8221;on|tablet&#8221; module_alignment=&#8221;right&#8221; custom_margin=&#8221;160px||||false|false&#8221; custom_margin_tablet=&#8221;130px||||false|false&#8221; custom_margin_phone=&#8221;130px||||false|false&#8221; custom_margin_last_edited=&#8221;on|tablet&#8221; filter_invert=&#8221;92%&#8221; module_alignment_tablet=&#8221;center&#8221; module_alignment_phone=&#8221;center&#8221; module_alignment_last_edited=&#8221;on|tablet&#8221; locked=&#8221;off&#8221; global_colors_info=&#8221;{}&#8221; theme_builder_area=&#8221;post_content&#8221;][\/et_pb_image][et_pb_image src=&#8221;https:\/\/ifycreation.com\/wp-content\/uploads\/2024\/04\/ify2-1.png&#8221; title_text=&#8221;ify2&#8243; _builder_version=&#8221;4.27.4&#8243; _module_preset=&#8221;default&#8221; positioning=&#8221;fixed&#8221; position_origin_a=&#8221;center_left&#8221; z_index=&#8221;-147&#8243; position_origin_a_tablet=&#8221;center_left&#8221; position_origin_a_phone=&#8221;center_right&#8221; position_origin_a_last_edited=&#8221;on|phone&#8221; position_origin_f_tablet=&#8221;&#8221; position_origin_f_phone=&#8221;&#8221; position_origin_f_last_edited=&#8221;on|phone&#8221; position_origin_r_tablet=&#8221;&#8221; position_origin_r_phone=&#8221;&#8221; position_origin_r_last_edited=&#8221;on|phone&#8221; width=&#8221;100%&#8221; width_tablet=&#8221;100%&#8221; width_phone=&#8221;100%&#8221; width_last_edited=&#8221;on|phone&#8221; custom_margin=&#8221;||||false|false&#8221; filter_saturate=&#8221;136%&#8221; scroll_vertical_motion_enable=&#8221;on&#8221; scroll_vertical_motion=&#8221;0|50|50|100|4|0|-5.5&#8243; scroll_scaling_enable=&#8221;on&#8221; scroll_scaling=&#8221;0|50|50|100|100%|89%|38%&#8221; positioning_tablet=&#8221;absolute&#8221; positioning_phone=&#8221;absolute&#8221; positioning_last_edited=&#8221;on|phone&#8221; scroll_vertical_motion_tablet=&#8221;0|50|50|100|4|0|-5.5&#8243; scroll_vertical_motion_phone=&#8221;0|50|50|100|-4|0|6.5&#8243; scroll_vertical_motion_last_edited=&#8221;on|phone&#8221; global_colors_info=&#8221;{}&#8221; theme_builder_area=&#8221;post_content&#8221;][\/et_pb_image][\/et_pb_column][et_pb_column type=&#8221;1_2&#8243; _builder_version=&#8221;4.27.4&#8243; _module_preset=&#8221;default&#8221; global_colors_info=&#8221;{}&#8221; theme_builder_area=&#8221;post_content&#8221;][et_pb_text _builder_version=&#8221;4.27.4&#8243; _module_preset=&#8221;default&#8221; text_font=&#8221;Helvetica Neue Thin||||||||&#8221; text_text_color=&#8221;#FFFFFF&#8221; text_font_size=&#8221;16px&#8221; text_line_height=&#8221;1.3em&#8221; header_2_font=&#8221;Asgard-FitLight||||||||&#8221; header_2_text_align=&#8221;center&#8221; header_2_text_color=&#8221;#e2e2e2&#8243; header_2_font_size=&#8221;49px&#8221; header_3_font=&#8221;Helvetica Neue Light||||||||&#8221; header_3_text_color=&#8221;#e8e8e8&#8243; header_3_font_size=&#8221;15px&#8221; header_3_line_height=&#8221;1.3em&#8221; width=&#8221;100%&#8221; width_tablet=&#8221;90%&#8221; width_phone=&#8221;91%&#8221; width_last_edited=&#8221;on|phone&#8221; custom_margin=&#8221;230px||50px||false|false&#8221; custom_margin_tablet=&#8221;||||false|false&#8221; custom_margin_phone=&#8221;0px||||false|false&#8221; custom_margin_last_edited=&#8221;on|tablet&#8221; custom_padding=&#8221;||||false|false&#8221; custom_padding_tablet=&#8221;|||123px|false|false&#8221; custom_padding_phone=&#8221;|||34px|false|false&#8221; custom_padding_last_edited=&#8221;on|phone&#8221; animation_style=&#8221;fade&#8221; animation_duration=&#8221;1250ms&#8221; scroll_horizontal_motion=&#8221;0|50|50|100|-10|0|2&#8243; hover_enabled=&#8221;0&#8243; text_font_size_tablet=&#8221;16px&#8221; text_font_size_phone=&#8221;15px&#8221; text_font_size_last_edited=&#8221;on|phone&#8221; text_line_height_tablet=&#8221;1.3em&#8221; text_line_height_phone=&#8221;1.2em&#8221; text_line_height_last_edited=&#8221;on|phone&#8221; header_3_font_size_tablet=&#8221;16px&#8221; header_3_font_size_phone=&#8221;14px&#8221; header_3_font_size_last_edited=&#8221;on|phone&#8221; header_3_line_height_tablet=&#8221;1.3em&#8221; header_3_line_height_phone=&#8221;1.3em&#8221; header_3_line_height_last_edited=&#8221;on|phone&#8221; global_colors_info=&#8221;{}&#8221; theme_builder_area=&#8221;post_content&#8221; sticky_enabled=&#8221;0&#8243;]<\/p>\n<h3><span style=\"font-weight: 400;\">A Mini Closet nasce com a proposta de introduzir no Brasil um modelo j\u00e1 consolidado em mercados internacionais: o acesso a roupas infantis de marcas premium por meio de um sistema de uso inteligente, que substitui a l\u00f3gica de compra pela de curadoria e circula\u00e7\u00e3o.<\/span><\/h3>\n<h3><span style=\"font-weight: 400;\"><\/span><\/h3>\n<h3><span style=\"font-weight: 400;\">A marca parte de uma necessidade real. Pe\u00e7as de alto valor, muitas vezes usadas uma \u00fanica vez, deixam de fazer sentido dentro de um contexto de crescimento acelerado das crian\u00e7as. A proposta era oferecer uma alternativa que combinasse praticidade, qualidade e sofistica\u00e7\u00e3o, criando uma nova forma de consumo dentro desse segmento.<\/span><\/h3>\n<h3><span style=\"font-weight: 400;\"><\/span><\/h3>\n<h3><span style=\"font-weight: 400;\">Com nome e conceito j\u00e1 definidos pelas fundadoras, fomos respons\u00e1veis por estruturar todo o branding da marca, desenvolvendo posicionamento, identidade visual, logotipo e o sistema completo de comunica\u00e7\u00e3o. A constru\u00e7\u00e3o da marca buscou equilibrar leveza e sofistica\u00e7\u00e3o, traduzindo um modelo inovador em uma linguagem acess\u00edvel, clara e desej\u00e1vel.<\/span><\/h3>\n<h3><span style=\"font-weight: 400;\"><\/span><\/h3>\n<h3><span style=\"font-weight: 400;\">O projeto envolveu tamb\u00e9m o desenvolvimento do e-commerce, concebido a partir de uma l\u00f3gica distinta do varejo tradicional. Mais do que uma plataforma de compra, estruturamos uma jornada orientada ao uso, com intelig\u00eancia aplicada \u00e0 navega\u00e7\u00e3o, escolha de pe\u00e7as e recorr\u00eancia do servi\u00e7o.<\/span><\/h3>\n<h3><span style=\"font-weight: 400;\"><\/span><\/h3>\n<h3><span style=\"font-weight: 400;\">A experi\u00eancia da marca se estendeu aos pontos f\u00edsicos e sensoriais, com a cria\u00e7\u00e3o do enxoval de embalagens e todos os elementos que acompanham o ciclo do produto, refor\u00e7ando a percep\u00e7\u00e3o de cuidado, organiza\u00e7\u00e3o e valor em cada intera\u00e7\u00e3o.<\/span><\/h3>\n<h3><span style=\"font-weight: 400;\"><\/span><\/h3>\n<h3><span style=\"font-weight: 400;\">Mais do que lan\u00e7ar uma marca, estruturamos um novo modelo de consumo no mercado brasileiro, traduzindo um conceito internacional em uma experi\u00eancia consistente, funcional e alinhada ao p\u00fablico local.<\/span><\/h3>\n<p>[\/et_pb_text][\/et_pb_column][\/et_pb_row][\/et_pb_section][et_pb_section fb_built=&#8221;1&#8243; _builder_version=&#8221;4.27.4&#8243; _module_preset=&#8221;default&#8221; background_color=&#8221;#141414&#8243; z_index=&#8221;-500&#8243; custom_margin=&#8221;-20px||||false|false&#8221; custom_padding=&#8221;0px||0px||false|false&#8221; locked=&#8221;off&#8221; global_colors_info=&#8221;{}&#8221; theme_builder_area=&#8221;post_content&#8221;][et_pb_row _builder_version=&#8221;4.27.4&#8243; _module_preset=&#8221;default&#8221; width=&#8221;100%&#8221; max_width=&#8221;100%&#8221; global_colors_info=&#8221;{}&#8221; theme_builder_area=&#8221;post_content&#8221;][et_pb_column type=&#8221;4_4&#8243; _builder_version=&#8221;4.27.4&#8243; _module_preset=&#8221;default&#8221; global_colors_info=&#8221;{}&#8221; theme_builder_area=&#8221;post_content&#8221;][et_pb_image src=&#8221;https:\/\/ifycreation.com\/wp-content\/uploads\/2026\/04\/ify-creation-marcia-raposo-daniel-zito-branding-mini-closet-00001.webp&#8221; title_text=&#8221;ify-creation-marcia-raposo-daniel-zito-branding-mini-closet-00001&#8243; force_fullwidth=&#8221;on&#8221; _builder_version=&#8221;4.27.4&#8243; _module_preset=&#8221;default&#8221; z_index=&#8221;-500&#8243; custom_margin=&#8221;0px||0px||false|false&#8221; custom_padding=&#8221;0px||0px||false|false&#8221; global_colors_info=&#8221;{}&#8221; theme_builder_area=&#8221;post_content&#8221;][\/et_pb_image][et_pb_image src=&#8221;https:\/\/ifycreation.com\/wp-content\/uploads\/2026\/04\/ify-creation-marcia-raposo-daniel-zito-branding-mini-closet-00002.webp&#8221; title_text=&#8221;ify-creation-marcia-raposo-daniel-zito-branding-mini-closet-00002&#8243; force_fullwidth=&#8221;on&#8221; admin_label=&#8221;Image&#8221; _builder_version=&#8221;4.27.4&#8243; _module_preset=&#8221;default&#8221; custom_margin=&#8221;0px||0px||false|false&#8221; custom_padding=&#8221;0px||0px||false|false&#8221; global_colors_info=&#8221;{}&#8221; theme_builder_area=&#8221;post_content&#8221;][\/et_pb_image][et_pb_image src=&#8221;https:\/\/ifycreation.com\/wp-content\/uploads\/2026\/04\/ify-creation-marcia-raposo-daniel-zito-branding-mini-closet-00003.webp&#8221; title_text=&#8221;ify-creation-marcia-raposo-daniel-zito-branding-mini-closet-00003&#8243; force_fullwidth=&#8221;on&#8221; admin_label=&#8221;Image&#8221; _builder_version=&#8221;4.27.4&#8243; _module_preset=&#8221;default&#8221; custom_margin=&#8221;0px||0px||false|false&#8221; custom_padding=&#8221;0px||0px||false|false&#8221; global_colors_info=&#8221;{}&#8221; theme_builder_area=&#8221;post_content&#8221;][\/et_pb_image][et_pb_image src=&#8221;https:\/\/ifycreation.com\/wp-content\/uploads\/2026\/04\/ify-creation-marcia-raposo-daniel-zito-branding-mini-closet-00004.webp&#8221; title_text=&#8221;ify-creation-marcia-raposo-daniel-zito-branding-mini-closet-00004&#8243; force_fullwidth=&#8221;on&#8221; admin_label=&#8221;Image&#8221; _builder_version=&#8221;4.27.4&#8243; _module_preset=&#8221;default&#8221; custom_margin=&#8221;0px||0px||false|false&#8221; custom_padding=&#8221;0px||0px||false|false&#8221; global_colors_info=&#8221;{}&#8221; theme_builder_area=&#8221;post_content&#8221;][\/et_pb_image][et_pb_image src=&#8221;https:\/\/ifycreation.com\/wp-content\/uploads\/2026\/04\/ify-creation-marcia-raposo-daniel-zito-branding-mini-closet-00005a.jpg&#8221; title_text=&#8221;ify-creation-marcia-raposo-daniel-zito-branding-mini-closet-00005a&#8221; force_fullwidth=&#8221;on&#8221; _builder_version=&#8221;4.27.4&#8243; _module_preset=&#8221;default&#8221; custom_margin=&#8221;0px||0px||false|false&#8221; custom_padding=&#8221;0px||0px||false|false&#8221; global_colors_info=&#8221;{}&#8221; theme_builder_area=&#8221;post_content&#8221;][\/et_pb_image][et_pb_image src=&#8221;https:\/\/ifycreation.com\/wp-content\/uploads\/2026\/04\/ify-creation-marcia-raposo-daniel-zito-branding-mini-closet-00005b.jpg&#8221; title_text=&#8221;ify-creation-marcia-raposo-daniel-zito-branding-mini-closet-00005b&#8221; force_fullwidth=&#8221;on&#8221; _builder_version=&#8221;4.27.4&#8243; _module_preset=&#8221;default&#8221; custom_margin=&#8221;0px||0px||false|false&#8221; custom_padding=&#8221;0px||0px||false|false&#8221; global_colors_info=&#8221;{}&#8221; theme_builder_area=&#8221;post_content&#8221;][\/et_pb_image][et_pb_image src=&#8221;https:\/\/ifycreation.com\/wp-content\/uploads\/2026\/04\/ify-creation-marcia-raposo-daniel-zito-branding-mini-closet-00005c.jpg&#8221; title_text=&#8221;ify-creation-marcia-raposo-daniel-zito-branding-mini-closet-00005c&#8221; force_fullwidth=&#8221;on&#8221; _builder_version=&#8221;4.27.4&#8243; _module_preset=&#8221;default&#8221; custom_margin=&#8221;0px||0px||false|false&#8221; custom_padding=&#8221;0px||0px||false|false&#8221; global_colors_info=&#8221;{}&#8221; theme_builder_area=&#8221;post_content&#8221;][\/et_pb_image][et_pb_image src=&#8221;https:\/\/ifycreation.com\/wp-content\/uploads\/2026\/04\/ify-creation-marcia-raposo-daniel-zito-branding-mini-closet-00005d.jpg&#8221; title_text=&#8221;ify-creation-marcia-raposo-daniel-zito-branding-mini-closet-00005d&#8221; force_fullwidth=&#8221;on&#8221; _builder_version=&#8221;4.27.4&#8243; _module_preset=&#8221;default&#8221; custom_margin=&#8221;0px||0px||false|false&#8221; custom_padding=&#8221;0px||0px||false|false&#8221; global_colors_info=&#8221;{}&#8221; theme_builder_area=&#8221;post_content&#8221;][\/et_pb_image][et_pb_image src=&#8221;https:\/\/ifycreation.com\/wp-content\/uploads\/2026\/04\/ify-creation-marcia-raposo-daniel-zito-branding-mini-closet-00006.webp&#8221; title_text=&#8221;ify-creation-marcia-raposo-daniel-zito-branding-mini-closet-00006&#8243; force_fullwidth=&#8221;on&#8221; _builder_version=&#8221;4.27.4&#8243; _module_preset=&#8221;default&#8221; custom_margin=&#8221;0px||0px||false|false&#8221; custom_padding=&#8221;0px||0px||false|false&#8221; global_colors_info=&#8221;{}&#8221; theme_builder_area=&#8221;post_content&#8221;][\/et_pb_image][et_pb_image src=&#8221;https:\/\/ifycreation.com\/wp-content\/uploads\/2026\/04\/ify-creation-marcia-raposo-daniel-zito-branding-mini-closet-00008.webp&#8221; title_text=&#8221;ify-creation-marcia-raposo-daniel-zito-branding-mini-closet-00008&#8243; force_fullwidth=&#8221;on&#8221; _builder_version=&#8221;4.27.4&#8243; _module_preset=&#8221;default&#8221; custom_margin=&#8221;0px||0px||false|false&#8221; custom_padding=&#8221;0px||0px||false|false&#8221; hover_enabled=&#8221;0&#8243; global_colors_info=&#8221;{}&#8221; theme_builder_area=&#8221;post_content&#8221; sticky_enabled=&#8221;0&#8243;][\/et_pb_image][et_pb_image src=&#8221;https:\/\/ifycreation.com\/wp-content\/uploads\/2026\/04\/ify-creation-marcia-raposo-daniel-zito-branding-mini-closet-00009.webp&#8221; title_text=&#8221;ify-creation-marcia-raposo-daniel-zito-branding-mini-closet-00009&#8243; force_fullwidth=&#8221;on&#8221; _builder_version=&#8221;4.27.4&#8243; _module_preset=&#8221;default&#8221; custom_margin=&#8221;0px||0px||false|false&#8221; custom_padding=&#8221;0px||0px||false|false&#8221; hover_enabled=&#8221;0&#8243; global_colors_info=&#8221;{}&#8221; theme_builder_area=&#8221;post_content&#8221; sticky_enabled=&#8221;0&#8243;][\/et_pb_image][\/et_pb_column][\/et_pb_row][\/et_pb_section]<\/p>\n","protected":false},"excerpt":{"rendered":"<p>A Mini Closet nasce com a proposta de introduzir no Brasil um modelo j\u00e1 consolidado em mercados internacionais: o acesso a roupas infantis de marcas premium por meio de um sistema de uso inteligente, que substitui a l\u00f3gica de compra pela de curadoria e circula\u00e7\u00e3o. A marca parte de uma necessidade real. Pe\u00e7as de alto [&hellip;]<\/p>\n","protected":false},"author":1,"featured_media":0,"parent":0,"menu_order":0,"comment_status":"closed","ping_status":"closed","template":"","meta":{"_et_pb_use_builder":"on","_et_pb_old_content":"","_et_gb_content_width":"","footnotes":""},"class_list":["post-1060","page","type-page","status-publish","hentry"],"_links":{"self":[{"href":"https:\/\/ifycreation.com\/index.php\/wp-json\/wp\/v2\/pages\/1060","targetHints":{"allow":["GET"]}}],"collection":[{"href":"https:\/\/ifycreation.com\/index.php\/wp-json\/wp\/v2\/pages"}],"about":[{"href":"https:\/\/ifycreation.com\/index.php\/wp-json\/wp\/v2\/types\/page"}],"author":[{"embeddable":true,"href":"https:\/\/ifycreation.com\/index.php\/wp-json\/wp\/v2\/users\/1"}],"replies":[{"embeddable":true,"href":"https:\/\/ifycreation.com\/index.php\/wp-json\/wp\/v2\/comments?post=1060"}],"version-history":[{"count":2,"href":"https:\/\/ifycreation.com\/index.php\/wp-json\/wp\/v2\/pages\/1060\/revisions"}],"predecessor-version":[{"id":1076,"href":"https:\/\/ifycreation.com\/index.php\/wp-json\/wp\/v2\/pages\/1060\/revisions\/1076"}],"wp:attachment":[{"href":"https:\/\/ifycreation.com\/index.php\/wp-json\/wp\/v2\/media?parent=1060"}],"curies":[{"name":"wp","href":"https:\/\/api.w.org\/{rel}","templated":true}]}}