{"id":1089,"date":"2026-04-08T23:32:15","date_gmt":"2026-04-09T02:32:15","guid":{"rendered":"https:\/\/ifycreation.com\/?page_id=1089"},"modified":"2026-04-08T23:32:51","modified_gmt":"2026-04-09T02:32:51","slug":"aia-2","status":"publish","type":"page","link":"https:\/\/ifycreation.com\/index.php\/aia-2\/","title":{"rendered":"AIA"},"content":{"rendered":"<p>[et_pb_section fb_built=&#8221;1&#8243; _builder_version=&#8221;4.27.4&#8243; _module_preset=&#8221;default&#8221; background_color=&#8221;#141414&#8243; custom_margin=&#8221;||||false|false&#8221; custom_padding=&#8221;70px||0px||false|false&#8221; hover_enabled=&#8221;0&#8243; locked=&#8221;off&#8221; global_colors_info=&#8221;{}&#8221; theme_builder_area=&#8221;post_content&#8221; sticky_enabled=&#8221;0&#8243;][et_pb_row column_structure=&#8221;1_2,1_2&#8243; _builder_version=&#8221;4.27.4&#8243; _module_preset=&#8221;default&#8221; global_colors_info=&#8221;{}&#8221; theme_builder_area=&#8221;post_content&#8221;][et_pb_column type=&#8221;1_2&#8243; _builder_version=&#8221;4.27.4&#8243; _module_preset=&#8221;default&#8221; global_colors_info=&#8221;{}&#8221; theme_builder_area=&#8221;post_content&#8221;][et_pb_image src=&#8221;https:\/\/ifycreation.com\/wp-content\/uploads\/2026\/04\/LOGO-NEGATIVO.svg&#8221; title_text=&#8221;ify-creation-marcia-raposo-daniel-zito-branding-aia-academia-investimentos-alternativos&#8221; _builder_version=&#8221;4.27.4&#8243; _module_preset=&#8221;default&#8221; width=&#8221;352px&#8221; width_tablet=&#8221;57%&#8221; width_phone=&#8221;66%&#8221; width_last_edited=&#8221;on|tablet&#8221; custom_margin=&#8221;110px||||false|false&#8221; custom_margin_tablet=&#8221;106px||||false|false&#8221; custom_margin_phone=&#8221;47px||||false|false&#8221; custom_margin_last_edited=&#8221;on|phone&#8221; custom_padding=&#8221;||||false|false&#8221; custom_padding_tablet=&#8221;||||false|false&#8221; custom_padding_phone=&#8221;||||false|false&#8221; custom_padding_last_edited=&#8221;on|desktop&#8221; scroll_scaling_enable=&#8221;on&#8221; scroll_scaling=&#8221;0|50|50|100|96%|100|120%&#8221; hover_enabled=&#8221;0&#8243; global_colors_info=&#8221;{}&#8221; theme_builder_area=&#8221;post_content&#8221; alt=&#8221;ify-creation-marcia-raposo-daniel-zito-branding-aia-academia-investimentos-alternativos&#8221; sticky_enabled=&#8221;0&#8243;][\/et_pb_image][et_pb_image src=&#8221;https:\/\/ifycreation.com\/wp-content\/uploads\/2024\/04\/1718e84777b9a3b054b259ba5d2a3183.gif&#8221; title_text=&#8221;1718e84777b9a3b054b259ba5d2a3183&#8243; disabled_on=&#8221;on|on|off&#8221; _builder_version=&#8221;4.27.4&#8243; _module_preset=&#8221;default&#8221; z_index=&#8221;-500&#8243; width=&#8221;150px&#8221; width_tablet=&#8221;180px&#8221; width_phone=&#8221;150px&#8221; width_last_edited=&#8221;on|tablet&#8221; module_alignment=&#8221;right&#8221; custom_margin=&#8221;160px||||false|false&#8221; custom_margin_tablet=&#8221;130px||||false|false&#8221; custom_margin_phone=&#8221;130px||||false|false&#8221; custom_margin_last_edited=&#8221;on|tablet&#8221; filter_invert=&#8221;92%&#8221; module_alignment_tablet=&#8221;center&#8221; module_alignment_phone=&#8221;center&#8221; module_alignment_last_edited=&#8221;on|tablet&#8221; locked=&#8221;off&#8221; global_colors_info=&#8221;{}&#8221; theme_builder_area=&#8221;post_content&#8221;][\/et_pb_image][et_pb_image src=&#8221;https:\/\/ifycreation.com\/wp-content\/uploads\/2024\/04\/ify2-1.png&#8221; title_text=&#8221;ify2&#8243; _builder_version=&#8221;4.27.4&#8243; _module_preset=&#8221;default&#8221; positioning=&#8221;fixed&#8221; position_origin_a=&#8221;center_left&#8221; z_index=&#8221;-147&#8243; position_origin_a_tablet=&#8221;center_left&#8221; position_origin_a_phone=&#8221;center_right&#8221; position_origin_a_last_edited=&#8221;on|phone&#8221; position_origin_f_tablet=&#8221;&#8221; position_origin_f_phone=&#8221;&#8221; position_origin_f_last_edited=&#8221;on|phone&#8221; position_origin_r_tablet=&#8221;&#8221; position_origin_r_phone=&#8221;&#8221; position_origin_r_last_edited=&#8221;on|phone&#8221; width=&#8221;100%&#8221; width_tablet=&#8221;100%&#8221; width_phone=&#8221;100%&#8221; width_last_edited=&#8221;on|phone&#8221; custom_margin=&#8221;||||false|false&#8221; filter_saturate=&#8221;136%&#8221; scroll_vertical_motion_enable=&#8221;on&#8221; scroll_vertical_motion=&#8221;0|50|50|100|4|0|-5.5&#8243; scroll_scaling_enable=&#8221;on&#8221; scroll_scaling=&#8221;0|50|50|100|100%|89%|38%&#8221; positioning_tablet=&#8221;absolute&#8221; positioning_phone=&#8221;absolute&#8221; positioning_last_edited=&#8221;on|phone&#8221; scroll_vertical_motion_tablet=&#8221;0|50|50|100|4|0|-5.5&#8243; scroll_vertical_motion_phone=&#8221;0|50|50|100|-4|0|6.5&#8243; scroll_vertical_motion_last_edited=&#8221;on|phone&#8221; global_colors_info=&#8221;{}&#8221; theme_builder_area=&#8221;post_content&#8221;][\/et_pb_image][\/et_pb_column][et_pb_column type=&#8221;1_2&#8243; _builder_version=&#8221;4.27.4&#8243; _module_preset=&#8221;default&#8221; global_colors_info=&#8221;{}&#8221; theme_builder_area=&#8221;post_content&#8221;][et_pb_text _builder_version=&#8221;4.27.4&#8243; _module_preset=&#8221;default&#8221; text_font=&#8221;Helvetica Neue Thin||||||||&#8221; text_text_color=&#8221;#FFFFFF&#8221; text_font_size=&#8221;16px&#8221; text_line_height=&#8221;1.3em&#8221; header_2_font=&#8221;Asgard-FitLight||||||||&#8221; header_2_text_align=&#8221;center&#8221; header_2_text_color=&#8221;#e2e2e2&#8243; header_2_font_size=&#8221;49px&#8221; header_3_font=&#8221;Helvetica Neue Light||||||||&#8221; header_3_text_color=&#8221;#e8e8e8&#8243; header_3_font_size=&#8221;15px&#8221; header_3_line_height=&#8221;1.3em&#8221; width=&#8221;100%&#8221; width_tablet=&#8221;90%&#8221; width_phone=&#8221;91%&#8221; width_last_edited=&#8221;on|phone&#8221; custom_margin=&#8221;230px||50px||false|false&#8221; custom_margin_tablet=&#8221;||||false|false&#8221; custom_margin_phone=&#8221;0px||||false|false&#8221; custom_margin_last_edited=&#8221;on|tablet&#8221; custom_padding=&#8221;||||false|false&#8221; custom_padding_tablet=&#8221;|||123px|false|false&#8221; custom_padding_phone=&#8221;|||34px|false|false&#8221; custom_padding_last_edited=&#8221;on|phone&#8221; animation_style=&#8221;fade&#8221; animation_duration=&#8221;1250ms&#8221; scroll_horizontal_motion=&#8221;0|50|50|100|-10|0|2&#8243; hover_enabled=&#8221;0&#8243; text_font_size_tablet=&#8221;16px&#8221; text_font_size_phone=&#8221;15px&#8221; text_font_size_last_edited=&#8221;on|phone&#8221; text_line_height_tablet=&#8221;1.3em&#8221; text_line_height_phone=&#8221;1.2em&#8221; text_line_height_last_edited=&#8221;on|phone&#8221; header_3_font_size_tablet=&#8221;16px&#8221; header_3_font_size_phone=&#8221;14px&#8221; header_3_font_size_last_edited=&#8221;on|phone&#8221; header_3_line_height_tablet=&#8221;1.3em&#8221; header_3_line_height_phone=&#8221;1.3em&#8221; header_3_line_height_last_edited=&#8221;on|phone&#8221; global_colors_info=&#8221;{}&#8221; theme_builder_area=&#8221;post_content&#8221; sticky_enabled=&#8221;0&#8243;]<\/p>\n<h3><span style=\"font-weight: 400;\">A AIA nasce como uma proposta de forma\u00e7\u00e3o em investimentos alternativos, com o objetivo de posicionar um novo produto educacional no mercado financeiro. O cliente j\u00e1 possu\u00eda naming e identidade inicial definidos, mas percebeu a necessidade de revisar a marca para alinhar posicionamento, linguagem e percep\u00e7\u00e3o de valor ao n\u00edvel estrat\u00e9gico do projeto.<\/span><\/h3>\n<h3><span style=\"font-weight: 400;\"><\/span><\/h3>\n<h3><span style=\"font-weight: 400;\">A -ifY foi chamada para conduzir esse reposicionamento, estruturando um rebranding completo da marca. Desenvolvemos um novo brandbook, redefinindo posicionamento, tom de voz e direcionamento estrat\u00e9gico, al\u00e9m da reconstru\u00e7\u00e3o da identidade visual, incluindo logotipo, linguagem e sistema de comunica\u00e7\u00e3o.<\/span><\/h3>\n<h3><span style=\"font-weight: 400;\"><\/span><\/h3>\n<h3><span style=\"font-weight: 400;\">A partir dessa base, o projeto se expandiu para a constru\u00e7\u00e3o de todo o ecossistema da marca. Desenvolvemos o site completo, concebido n\u00e3o apenas como uma plataforma de venda, mas como uma jornada integrada que conecta aquisi\u00e7\u00e3o, navega\u00e7\u00e3o e experi\u00eancia do aluno dentro do ambiente digital. Todas as interfaces foram desenhadas de forma propriet\u00e1ria, garantindo coer\u00eancia entre est\u00e9tica, funcionalidade e posicionamento.<\/span><\/h3>\n<h3><span style=\"font-weight: 400;\"><\/span><\/h3>\n<h3><span style=\"font-weight: 400;\">Tamb\u00e9m atuamos na dire\u00e7\u00e3o de comunica\u00e7\u00e3o dos fundadores, estruturando narrativa, conte\u00fado e alinhamento estrat\u00e9gico com as a\u00e7\u00f5es de marketing, incluindo campanhas, lan\u00e7amentos e presen\u00e7a institucional da marca. O Instagram foi concebido a partir de um start concept, com abordagem inicial focada em storytelling e constru\u00e7\u00e3o de posicionamento, antes da transi\u00e7\u00e3o para uma comunica\u00e7\u00e3o cont\u00ednua.<\/span><\/h3>\n<h3><span style=\"font-weight: 400;\"><\/span><\/h3>\n<h3><span style=\"font-weight: 400;\">O projeto incluiu ainda a dire\u00e7\u00e3o criativa e dire\u00e7\u00e3o de imagem para produ\u00e7\u00e3o de v\u00eddeos, tanto para conte\u00fados comerciais quanto para as aulas da plataforma, al\u00e9m do desenvolvimento de roteiros orientados \u00e0 comunica\u00e7\u00e3o e convers\u00e3o. A atua\u00e7\u00e3o se estendeu tamb\u00e9m \u00e0 cria\u00e7\u00e3o editorial, com dire\u00e7\u00e3o visual completa de publica\u00e7\u00f5es lan\u00e7adas pela marca, incluindo capas, estrutura gr\u00e1fica e linguagem dos materiais.<\/span><\/h3>\n<h3><span style=\"font-weight: 400;\"><\/span><\/h3>\n<h3><span style=\"font-weight: 400;\">Ap\u00f3s o lan\u00e7amento, seguimos respons\u00e1veis pela continuidade da marca, conduzindo a evolu\u00e7\u00e3o da comunica\u00e7\u00e3o em todos os pontos de contato. Atuamos na dire\u00e7\u00e3o criativa, no desenvolvimento de conte\u00fados para o Instagram, cria\u00e7\u00e3o de novas pe\u00e7as, atualiza\u00e7\u00f5es do site e materiais para eventos, garantindo consist\u00eancia visual, alinhamento estrat\u00e9gico e manuten\u00e7\u00e3o do posicionamento ao longo do tempo.<\/span><\/h3>\n<p>[\/et_pb_text][\/et_pb_column][\/et_pb_row][\/et_pb_section][et_pb_section fb_built=&#8221;1&#8243; _builder_version=&#8221;4.27.4&#8243; _module_preset=&#8221;default&#8221; background_color=&#8221;#141414&#8243; z_index=&#8221;-500&#8243; custom_margin=&#8221;-20px||||false|false&#8221; custom_padding=&#8221;0px||0px||false|false&#8221; locked=&#8221;off&#8221; global_colors_info=&#8221;{}&#8221; theme_builder_area=&#8221;post_content&#8221;][et_pb_row _builder_version=&#8221;4.27.4&#8243; _module_preset=&#8221;default&#8221; width=&#8221;100%&#8221; max_width=&#8221;100%&#8221; global_colors_info=&#8221;{}&#8221; theme_builder_area=&#8221;post_content&#8221;][et_pb_column type=&#8221;4_4&#8243; _builder_version=&#8221;4.27.4&#8243; _module_preset=&#8221;default&#8221; global_colors_info=&#8221;{}&#8221; theme_builder_area=&#8221;post_content&#8221;][et_pb_image src=&#8221;https:\/\/ifycreation.com\/wp-content\/uploads\/2026\/03\/AIA-.jpg&#8221; title_text=&#8221;AIA&#8221; force_fullwidth=&#8221;on&#8221; _builder_version=&#8221;4.27.4&#8243; _module_preset=&#8221;default&#8221; z_index=&#8221;-500&#8243; custom_margin=&#8221;0px||0px||false|false&#8221; custom_padding=&#8221;0px||0px||false|false&#8221; hover_enabled=&#8221;0&#8243; global_colors_info=&#8221;{}&#8221; theme_builder_area=&#8221;post_content&#8221; sticky_enabled=&#8221;0&#8243;][\/et_pb_image][et_pb_image src=&#8221;https:\/\/ifycreation.com\/wp-content\/uploads\/2026\/04\/ify-creation-marcia-raposo-daniel-zito-branding-greyish00002.webp&#8221; title_text=&#8221;ify-creation-marcia-raposo-daniel-zito-branding-greyish00002&#8243; force_fullwidth=&#8221;on&#8221; admin_label=&#8221;Image&#8221; _builder_version=&#8221;4.27.4&#8243; _module_preset=&#8221;default&#8221; custom_margin=&#8221;0px||0px||false|false&#8221; custom_padding=&#8221;0px||0px||false|false&#8221; global_colors_info=&#8221;{}&#8221; theme_builder_area=&#8221;post_content&#8221;][\/et_pb_image][et_pb_image src=&#8221;https:\/\/ifycreation.com\/wp-content\/uploads\/2026\/04\/ify-creation-marcia-raposo-daniel-zito-branding-greyish00003.webp&#8221; title_text=&#8221;ify-creation-marcia-raposo-daniel-zito-branding-greyish00003&#8243; force_fullwidth=&#8221;on&#8221; admin_label=&#8221;Image&#8221; _builder_version=&#8221;4.27.4&#8243; _module_preset=&#8221;default&#8221; custom_margin=&#8221;0px||0px||false|false&#8221; custom_padding=&#8221;0px||0px||false|false&#8221; global_colors_info=&#8221;{}&#8221; theme_builder_area=&#8221;post_content&#8221;][\/et_pb_image][et_pb_image src=&#8221;https:\/\/ifycreation.com\/wp-content\/uploads\/2026\/04\/ify-creation-marcia-raposo-daniel-zito-branding-greyish00004-scaled.webp&#8221; title_text=&#8221;ify-creation-marcia-raposo-daniel-zito-branding-greyish00004&#8243; force_fullwidth=&#8221;on&#8221; admin_label=&#8221;Image&#8221; _builder_version=&#8221;4.27.4&#8243; _module_preset=&#8221;default&#8221; custom_margin=&#8221;0px||0px||false|false&#8221; custom_padding=&#8221;0px||0px||false|false&#8221; global_colors_info=&#8221;{}&#8221; theme_builder_area=&#8221;post_content&#8221;][\/et_pb_image][et_pb_image src=&#8221;https:\/\/ifycreation.com\/wp-content\/uploads\/2026\/04\/ify-creation-marcia-raposo-daniel-zito-branding-greyish00006.webp&#8221; title_text=&#8221;ify-creation-marcia-raposo-daniel-zito-branding-greyish00006&#8243; force_fullwidth=&#8221;on&#8221; _builder_version=&#8221;4.27.4&#8243; _module_preset=&#8221;default&#8221; custom_margin=&#8221;0px||0px||false|false&#8221; custom_padding=&#8221;0px||0px||false|false&#8221; global_colors_info=&#8221;{}&#8221; theme_builder_area=&#8221;post_content&#8221;][\/et_pb_image][et_pb_image src=&#8221;https:\/\/ifycreation.com\/wp-content\/uploads\/2026\/04\/ify-creation-marcia-raposo-daniel-zito-branding-greyish00007.jpg&#8221; title_text=&#8221;ify-creation-marcia-raposo-daniel-zito-branding-greyish00007&#8243; force_fullwidth=&#8221;on&#8221; _builder_version=&#8221;4.27.4&#8243; _module_preset=&#8221;default&#8221; custom_margin=&#8221;0px||0px||false|false&#8221; custom_padding=&#8221;0px||0px||false|false&#8221; global_colors_info=&#8221;{}&#8221; theme_builder_area=&#8221;post_content&#8221;][\/et_pb_image][et_pb_image src=&#8221;https:\/\/ifycreation.com\/wp-content\/uploads\/2026\/04\/ify-creation-marcia-raposo-daniel-zito-branding-greyish00008.jpg&#8221; title_text=&#8221;ify-creation-marcia-raposo-daniel-zito-branding-greyish00008&#8243; force_fullwidth=&#8221;on&#8221; _builder_version=&#8221;4.27.4&#8243; _module_preset=&#8221;default&#8221; custom_margin=&#8221;0px||0px||false|false&#8221; custom_padding=&#8221;0px||0px||false|false&#8221; global_colors_info=&#8221;{}&#8221; theme_builder_area=&#8221;post_content&#8221;][\/et_pb_image][et_pb_image src=&#8221;https:\/\/ifycreation.com\/wp-content\/uploads\/2026\/04\/ify-creation-marcia-raposo-daniel-zito-branding-greyish00009.jpg&#8221; title_text=&#8221;ify-creation-marcia-raposo-daniel-zito-branding-greyish00009&#8243; force_fullwidth=&#8221;on&#8221; _builder_version=&#8221;4.27.4&#8243; _module_preset=&#8221;default&#8221; custom_margin=&#8221;0px||0px||false|false&#8221; custom_padding=&#8221;0px||0px||false|false&#8221; global_colors_info=&#8221;{}&#8221; theme_builder_area=&#8221;post_content&#8221;][\/et_pb_image][et_pb_image src=&#8221;https:\/\/ifycreation.com\/wp-content\/uploads\/2026\/04\/ify-creation-marcia-raposo-daniel-zito-branding-greyish00010.jpg&#8221; title_text=&#8221;ify-creation-marcia-raposo-daniel-zito-branding-greyish00010&#8243; force_fullwidth=&#8221;on&#8221; _builder_version=&#8221;4.27.4&#8243; _module_preset=&#8221;default&#8221; custom_margin=&#8221;0px||0px||false|false&#8221; custom_padding=&#8221;0px||0px||false|false&#8221; global_colors_info=&#8221;{}&#8221; theme_builder_area=&#8221;post_content&#8221;][\/et_pb_image][et_pb_image src=&#8221;https:\/\/ifycreation.com\/wp-content\/uploads\/2026\/04\/ify-creation-marcia-raposo-daniel-zito-branding-greyish00005.webp&#8221; title_text=&#8221;ify-creation-marcia-raposo-daniel-zito-branding-greyish00005&#8243; force_fullwidth=&#8221;on&#8221; _builder_version=&#8221;4.27.4&#8243; _module_preset=&#8221;default&#8221; custom_margin=&#8221;0px||0px||false|false&#8221; custom_padding=&#8221;0px||0px||false|false&#8221; global_colors_info=&#8221;{}&#8221; theme_builder_area=&#8221;post_content&#8221;][\/et_pb_image][\/et_pb_column][\/et_pb_row][\/et_pb_section]<\/p>\n","protected":false},"excerpt":{"rendered":"<p>A AIA nasce como uma proposta de forma\u00e7\u00e3o em investimentos alternativos, com o objetivo de posicionar um novo produto educacional no mercado financeiro. O cliente j\u00e1 possu\u00eda naming e identidade inicial definidos, mas percebeu a necessidade de revisar a marca para alinhar posicionamento, linguagem e percep\u00e7\u00e3o de valor ao n\u00edvel estrat\u00e9gico do projeto. A -ifY [&hellip;]<\/p>\n","protected":false},"author":1,"featured_media":0,"parent":0,"menu_order":0,"comment_status":"closed","ping_status":"closed","template":"","meta":{"_et_pb_use_builder":"on","_et_pb_old_content":"","_et_gb_content_width":"","footnotes":""},"class_list":["post-1089","page","type-page","status-publish","hentry"],"_links":{"self":[{"href":"https:\/\/ifycreation.com\/index.php\/wp-json\/wp\/v2\/pages\/1089","targetHints":{"allow":["GET"]}}],"collection":[{"href":"https:\/\/ifycreation.com\/index.php\/wp-json\/wp\/v2\/pages"}],"about":[{"href":"https:\/\/ifycreation.com\/index.php\/wp-json\/wp\/v2\/types\/page"}],"author":[{"embeddable":true,"href":"https:\/\/ifycreation.com\/index.php\/wp-json\/wp\/v2\/users\/1"}],"replies":[{"embeddable":true,"href":"https:\/\/ifycreation.com\/index.php\/wp-json\/wp\/v2\/comments?post=1089"}],"version-history":[{"count":4,"href":"https:\/\/ifycreation.com\/index.php\/wp-json\/wp\/v2\/pages\/1089\/revisions"}],"predecessor-version":[{"id":1096,"href":"https:\/\/ifycreation.com\/index.php\/wp-json\/wp\/v2\/pages\/1089\/revisions\/1096"}],"wp:attachment":[{"href":"https:\/\/ifycreation.com\/index.php\/wp-json\/wp\/v2\/media?parent=1089"}],"curies":[{"name":"wp","href":"https:\/\/api.w.org\/{rel}","templated":true}]}}